{"id":3,"date":"2025-08-21T10:07:49","date_gmt":"2025-08-21T08:07:49","guid":{"rendered":"https:\/\/adagri.com\/?page_id=3"},"modified":"2025-10-29T09:23:52","modified_gmt":"2025-10-29T08:23:52","slug":"privacy-policy","status":"publish","type":"page","link":"https:\/\/adagri.com\/en\/polityka-prywatnosci\/","title":{"rendered":"Privacy Policy"},"content":{"rendered":"<p>Adagri sp\u00f3\u0142ka z ograniczon\u0105 odpowiedzialno\u015bci\u0105 z siedzib\u0105 we Wroc\u0142awiu (dalej: \u201eAgencja\u201d, \u201emy\u201d) szanuje prywatno\u015b\u0107 os\u00f3b, z kt\u00f3rymi wsp\u00f3\u0142pracuje i zapewnia im kontrol\u0119 nad sposobem przetwarzania ich danych osobowych, w tym: imienia i nazwiska, danych kontaktowych lub innych danych udost\u0119pnianych w zwi\u0105zku z kontaktem \u2013 zale\u017cnie od jego celu.<\/p>\n<p>Administratorem Pa\u0144stwa danych osobowych jest Adagri sp\u00f3\u0142ka z ograniczon\u0105 odpowiedzialno\u015bci\u0105 z siedzib\u0105 we Wroc\u0142awiu, adres: ul. Fabryczna 14D, 53-609 Wroc\u0142aw, wpisana do rejestru przedsi\u0119biorc\u00f3w Krajowego Rejestru S\u0105dowego przez S\u0105d Rejonowy dla Wroc\u0142awia \u2013 Fabrycznej we Wroc\u0142awiu, VI Wydzia\u0142 Gospodarczy KRS pod numerem 0000354804, NIP: 8942996794.<\/p>\n<p>Mo\u017cna si\u0119 z nami skontaktowa\u0107 wysy\u0142aj\u0105c e-mail na adres: <a href=\"mailto:daneosobowe@adagri.com\">daneosobowe@adagri.com<\/a>.<\/p>\n<p>Dane osobowe przetwarzany zgodnie z przepisami prawa, w tym przepisami Rozporz\u0105dzenia Parlamentu Europejskiego i Rady (UE) 2016\/679 z dnia 27 kwietnia 2016 roku w sprawie ochrony os\u00f3b fizycznych w zwi\u0105zku z przetwarzaniem danych osobowych i w sprawie swobodnego przep\u0142ywu takich danych oraz uchylenia dyrektywy 95\/46\/WE (\u201eRODO\u201d).<\/p>\n<h2>Purposes and grounds for processing personal data<\/h2>\n<h3>Wsp\u00f3\u0142praca z Agencj\u0105<\/h3>\n<p>Je\u015bli s\u0105 Pa\u0144stwo potencjalnymi Klientami lub Klientami Agencji (osobami fizycznymi), Pa\u0144stwa dane osobowe s\u0105 przetwarzane w zwi\u0105zku z czynno\u015bciami zmierzaj\u0105cymi do zawarcia umowy, na przyk\u0142ad w celu ustalenia zakresu zlecenia i przygotowania oferty. W razie zawarcia umowy, na podstawie kt\u00f3rej Agencja b\u0119dzie \u015bwiadczy\u0107 us\u0142ugi na Pa\u0144stwa rzecz, dane osobowe b\u0119d\u0105 przetwarzane w celu wykonania tej umowy.<\/p>\n<p>Pa\u0144stwa dane osobowe mog\u0105 by\u0107 przetwarzane na podstawie i w celu:<\/p>\n<ul>\n<li>w zwi\u0105zku z podejmowanymi przez Agencj\u0119 dzia\u0142aniami przed zawarciem umowy zmierzaj\u0105cymi do jej zawarcia (ustalenie zakresu zlecenia w celu przedstawienia oferty) \u2013 podstaw\u0105 prawn\u0105 przetwarzania jest przepis art. 6 ust. 1 lit. b RODO,<\/li>\n<li>w celu prawid\u0142owej realizacji zawartej umowy \u2013 podstaw\u0105 prawn\u0105 przetwarzania jest przepis art. 6 ust. 1 lit. b RODO,<\/li>\n<li>w celu wywi\u0105zania si\u0119 przez nas z ci\u0105\u017c\u0105cych na nas obowi\u0105zk\u00f3w prawnych, np. zwi\u0105zanych z rachunkowo\u015bci\u0105 \u2013 podstaw\u0105 prawn\u0105 przetwarzania jest przepis art. 6 ust. 1 lit. c RODO,<\/li>\n<li>na podstawie przepisu art. 6 ust. 1 lit. f RODO \u2013 je\u015bli przetwarzanie jest niezb\u0119dne do cel\u00f3w wynikaj\u0105cych z prawnie uzasadnionych interes\u00f3w realizowanych przez administratora; takim prawnie uzasadnionym interesem mo\u017ce by\u0107 np. dochodzenie i obrona przez Agencj\u0119 ewentualnych roszcze\u0144 albo marketing w\u0142asnych us\u0142ug.<\/li>\n<\/ul>\n<p>Je\u015bli s\u0105 Pa\u0144stwo reprezentantami lub pracownikami Klient\u00f3w Agencji, Pa\u0144stwa dane osobowe, w szczeg\u00f3lno\u015bci imi\u0119 i nazwisko, numer telefonu, adres e-mail i stanowisko, mog\u0105 by\u0107 przetwarzane w celu zawarcia b\u0105d\u017a realizacji umowy zawartej z podmiotem b\u0119d\u0105cym Klientem Agencji.<\/p>\n<p>Pa\u0144stwa dane osobowe mog\u0105 by\u0107 wtedy przetwarzane na podstawie przepisu art. 6 ust. 1 lit. f RODO \u2013 przetwarzanie jest niezb\u0119dne do cel\u00f3w wynikaj\u0105cych z prawnie uzasadnionych interes\u00f3w realizowanych przez administratora. Prawnie uzasadnionym interesem Administratora mo\u017ce by\u0107 z\u0142o\u017cenie przez Agencj\u0119 oferty lub w\u0142a\u015bciwa realizacja umowy, kt\u00f3rej stronami s\u0105 Agencja i Klient, jak r\u00f3wnie\u017c dochodzenie i obrona ewentualnych roszcze\u0144.<\/p>\n<h3>Use of the website<\/h3>\n<p>Mo\u017cemy przetwarza\u0107 dane os\u00f3b korzystaj\u0105cych ze strony https:\/\/adagri.com\/ a tak\u017ce informacje gromadzone za po\u015brednictwem plik\u00f3w cookies lub innych podobnych technologii):<\/p>\n<ul>\n<li>w celach technicznych, administracyjnych i na potrzeby zapewnienia bezpiecze\u0144stwa systemu informatycznego oraz zarz\u0105dzania nim \u2013 podstaw\u0105 prawn\u0105 przetwarzania jest nasz prawnie uzasadniony interes polegaj\u0105cy na zapewnianiu bezpiecze\u0144stwa, usuwania ewentualnych awarii i b\u0142\u0119d\u00f3w oraz zarz\u0105dzania stron\u0105 (art. 6 ust. 1 lit. f RODO),<\/li>\n<li>w celu ustalenia i dochodzenia roszcze\u0144 lub obrony przed roszczeniami \u2013 podstaw\u0105 prawn\u0105 przetwarzania jest nasz prawnie uzasadniony interes polegaj\u0105cy na ochronie naszych praw i mo\u017cliwo\u015bci ustalenia i dochodzenia roszcze\u0144 lub obrony przed nimi (art. 6 ust. 1 lit. f RODO),<\/li>\n<li>w celach marketingowych i statystycznych \u2013 podstaw\u0105 prawn\u0105 przetwarzania jest zgoda udzielona przez u\u017cytkownika naszej strony internetowej (art. 6 ust. 1 lit. a RODO).<\/li>\n<\/ul>\n<p>W przypadku nawi\u0105zania z nami kontaktu przez formularz dost\u0119pny na naszej stronie internetowej, podane w nim dane osobowe b\u0119dziemy przetwarza\u0107 w celu udzielenia odpowiedzi, ewentualnie w celu ochrony naszych praw i mo\u017cliwo\u015bci ustalenia i dochodzenia roszcze\u0144 lub obrony przed nimi (w obu przypadkach podstaw\u0105 prawn\u0105 b\u0119dzie nasz prawnie uzasadniony interes \u2013 art. 6 ust. 1 lit. f RODO).<\/p>\n<h3>Social media<\/h3>\n<p>Przetwarzamy dane osobowe u\u017cytkownik\u00f3w odwiedzaj\u0105cych nasze profile w mediach spo\u0142eczno\u015bciowych (LinkedIn). Dane te przetwarzamy tylko w zwi\u0105zku z prowadzeniem profilu w celu informowania o naszej aktywno\u015bci, promowania naszej dzia\u0142alno\u015bci, a tak\u017ce w celu komunikacji z u\u017cytkownikami za po\u015brednictwem dost\u0119pnych funkcjonalno\u015bci (komentarze, wiadomo\u015bci) \u2013 podstawa prawna przetwarzania to prawnie uzasadniony interes, polegaj\u0105cy na promowaniu naszej marki oraz us\u0142ug, budowaniu i utrzymaniu spo\u0142eczno\u015bci z nami zwi\u0105zanej oraz w celu komunikacji (art. 6 ust. 1 lit. f RODO).<\/p>\n<h3>Application form (recruitment)<\/h3>\n<p>B\u0119dziemy przetwarza\u0107 dane osobowe podane w formularzu aplikacyjnym s\u0142u\u017c\u0105cym do rekrutacji na stanowiska w Agencji, w tym: imi\u0119, nazwisko, dane kontaktowe (np. e-mail, numer telefonu, adres zamieszkania), informacje dotycz\u0105ce wykszta\u0142cenia i do\u015bwiadczenia zawodowego, jak r\u00f3wnie\u017c wizerunek (je\u017celi w dokumentach aplikacyjnych zostanie zamieszczone zdj\u0119cie). Mo\u017cemy przetwarza\u0107 tak\u017ce informacje dotycz\u0105ce wiedzy oraz umiej\u0119tno\u015bci kandydata (np. informacje o umiej\u0119tno\u015bciach j\u0119zykowych).<\/p>\n<p>Dane osobowe kandydat\u00f3w przetwarzamy w nast\u0119puj\u0105cych celach:<\/p>\n<ul>\n<li>przeprowadzenia rekrutacji na stanowisko wskazane w og\u0142oszeniu, w ramach kt\u00f3rego przesy\u0142aj\u0105 nam Pa\u0144stwo swoje zg\u0142oszenie rekrutacyjne,<\/li>\n<li>conducting future recruitment for various positions, if you give your separate consent.<\/li>\n<\/ul>\n<p>Dane osobowe kandydat\u00f3w przetwarzamy w oparciu o r\u00f3\u017cne podstawy prawne, zale\u017cnie od charakteru zatrudnienia na danym stanowisku.<\/p>\n<p>W przypadku wsp\u00f3\u0142pracy (b2b) dane osobowe przetwarzamy w oparciu o zgod\u0119 kandydata (tj. na podstawie art. 6 ust. 1 lit. a RODO), a je\u015bli wyra\u017c\u0105 Pa\u0144stwo zgod\u0119 na przetwarzanie danych osobowych do cel\u00f3w przysz\u0142ych rekrutacji, r\u00f3wnie\u017c b\u0119dziemy je przetwarza\u0107 w oparciu o Pa\u0144stwa zgod\u0119 (tj. na podstawie art. 6 ust. 1 lit. a RODO).<\/p>\n<p>W przypadku zatrudnienia na podstawie umowy o prac\u0119 dane osobowe kandydata, m.in. imi\u0119, nazwisko, dat\u0119 urodzenia, dane kontaktowe, wykszta\u0142cenie, kwalifikacje zawodowe, do\u015bwiadczenie zawodowe, przetwarzamy, aby wype\u0142ni\u0107 ci\u0105\u017c\u0105cy na nas obowi\u0105zek prawny (tj. na podstawie art. 6 ust. 1 lit. c RODO). Je\u017celi w swoim zg\u0142oszeniu rekrutacyjnym podadz\u0105 Pa\u0144stwo dodatkowe informacje o sobie (np. wizerunek, zainteresowania), takie dane przetwarzamy w oparciu o Pa\u0144stwa zgod\u0119 (tj. na podstawie art. 6 ust. 1 lit. a RODO), a je\u015bli wyra\u017c\u0105 Pa\u0144stwo zgod\u0119 na przetwarzanie danych osobowych do cel\u00f3w przysz\u0142ych rekrutacji, r\u00f3wnie\u017c b\u0119dziemy je przetwarza\u0107 w oparciu o Pa\u0144stwa zgod\u0119 (tj. na podstawie art. 6 ust. 1 lit. a RODO).<\/p>\n<h2>Period of personal data processing<\/h2>\n<p>Pa\u0144stwa dane osobowe b\u0119d\u0105 przetwarzane w nast\u0119puj\u0105cych okresach (zale\u017cnie od celu przetwarzania):<\/p>\n<ul>\n<li>przez ca\u0142y czas zwi\u0105zania z\u0142o\u017con\u0105 ofert\u0105 lub \u2013 w razie zawarcia umowy \u2013 czas, przez kt\u00f3ry umowa b\u0119dzie wykonywana,<\/li>\n<li>for the period necessary to fulfill specific legal obligations,<\/li>\n<li>until the limitation period for any claims expires,<\/li>\n<li>przez okres niezb\u0119dny do przeprowadzenia procesu rekrutacji i wy\u0142onienia kandydata, jednak nie d\u0142u\u017cej ni\u017c przez 6 miesi\u0119cy (w zwi\u0105zku z procesem rekrutacji na stanowisko, kt\u00f3rego dotyczy zg\u0142oszenie rekrutacyjne),<\/li>\n<li>przez okres 1 roku od przes\u0142ania zg\u0142oszenia rekrutacyjnego, je\u017celi wyra\u017c\u0105 Pa\u0144stwo zgod\u0119 na przetwarzanie danych osobowych na potrzeby przysz\u0142ych rekrutacji na inne, podobne stanowiska,<\/li>\n<li>do czasu wycofania zgody na przetwarzanie danych osobowych \u2013 w przypadku danych przetwarzanych na podstawie zgody,<\/li>\n<li>do czasu zg\u0142oszenia sprzeciwu \u2013 w przypadku danych osobowych przetwarzanych dla potrzeb marketingu na podstawie prawnie uzasadnionego interesu,<\/li>\n<li>do czasu skutecznego zg\u0142oszenia sprzeciwu wzgl\u0119dem przetwarzania danych osobowych z uwagi na Pa\u0144stwa szczeg\u00f3ln\u0105 sytuacj\u0119 \u2013 w przypadku danych osobowych przetwarzanych dla potrzeb realizacji prawnie uzasadnionych interes\u00f3w innych ni\u017c marketing.<\/li>\n<\/ul>\n<h2>Recipients of personal data<\/h2>\n<p>Odbiorcami Pa\u0144stwa danych mog\u0105 by\u0107 podmioty \u015bwiadcz\u0105ce us\u0142ugi na zlecenie i na rzecz Agencji, np. dostawcy zewn\u0119trznych system\u00f3w wspieraj\u0105cych dzia\u0142alno\u015b\u0107 Agencji, us\u0142ugodawcy z zakresu IT lub z innych obszar\u00f3w (tzw. procesorzy), zewn\u0119trzne biuro ksi\u0119gowe \u2013 w takim przypadku zawarta jest z tymi podmiotami umowa zapewniaj\u0105ca bezpiecze\u0144stwo Pa\u0144stwa danych.<\/p>\n<h2>How did we obtain your personal data?<\/h2>\n<p>We obtained your personal data directly from you or the source of your personal data is an Agency Client.<\/p>\n<h2>Is providing personal data voluntary?<\/h2>\n<p>Podanie danych osobowych jest zawsze dobrowolne, jednak w niekt\u00f3rych przypadkach (udzia\u0142 w rekrutacji, nawi\u0105zanie wsp\u00f3\u0142pracy z Agencj\u0105) ich niepodanie uniemo\u017cliwia skorzystanie z oferty Agencji.<\/p>\n<h2>Automated decision making<\/h2>\n<p>Nie b\u0119dziemy podejmowa\u0107 decyzji, kt\u00f3re opieraj\u0105 si\u0119 wy\u0142\u0105cznie na zautomatyzowanym przetwarzaniu, w tym profilowaniu, kt\u00f3re wywo\u0142ywa\u0142oby wobec Pa\u0144stwa skutki prawne lub w podobny spos\u00f3b znacz\u0105co na Pa\u0144stwa wp\u0142ywa\u0142y.<\/p>\n<h2>Your rights in connection with the processing of personal data<\/h2>\n<p>You have the right to access your personal data, correct it, request its deletion, or object to its processing. You also have the right to request that the controller restrict the processing of your data.<\/p>\n<p>W przypadku przetwarzania danych osobowych na podstawie zgody, przys\u0142uguje Pa\u0144stwu prawo wycofania tej zgody w ka\u017cdym czasie. Wycofanie zgody nie wp\u0142ywa na legalno\u015b\u0107 przetwarzania przed wycofaniem zgody.<\/p>\n<p>W razie uznania, \u017ce Pa\u0144stwa dane osobowe s\u0105 przetwarzane niezgodnie z wymogami prawa, maj\u0105 Pa\u0144stwo prawo wnie\u015b\u0107 skarg\u0119 do organu nadzorczego, kt\u00f3rym jest Prezes Urz\u0119du Ochrony Danych Osobowych.<\/p>\n<h2>Cookies<\/h2>\n<p>Cookies to pliki tekstowe zapisywane w pami\u0119ci przegl\u0105darki przez serwisy internetowe. S\u0105 one powszechnie u\u017cywane do obs\u0142ugi r\u00f3\u017cnych funkcji w serwisach internetowych. Pozwalaj\u0105 np. zapami\u0119ta\u0107 ustawienia i pozyskiwa\u0107 r\u00f3\u017cne informacje na temat przegl\u0105darki, urz\u0105dzenia (np. komputera) i u\u017cytkownika (np. \u015bledzenie interakcji z serwisem). Cookies zwykle zawieraj\u0105 unikatowy numer (identyfikator), kt\u00f3ry pozwala je odr\u00f3\u017cni\u0107.<\/p>\n<p>Cookies nie s\u0142u\u017c\u0105 nam do zbierania informacji, kt\u00f3re bezpo\u015brednio identyfikuj\u0105 konkretn\u0105 osob\u0119 (takich jak imi\u0119 i nazwisko).<\/p>\n<p>Niekt\u00f3re cookies s\u0105 konieczne do funkcjonowania naszej strony internetowej. Inne (np. cookies analityczne) s\u0105 opcjonalne, a ich u\u017cycie wymaga Pa\u0144stwa zgody.<\/p>\n<p>Stosujemy nast\u0119puj\u0105ce rodzaje plik\u00f3w cookie: niezb\u0119dne (umo\u017cliwiaj\u0105ce korzystanie z podstawowych funkcji strony internetowej), dotycz\u0105ce preferencji (umo\u017cliwiaj\u0105ce zapami\u0119tanie informacji o wygl\u0105dzie lub funkcjonowaniu strony), dotycz\u0105ce statystyki (anonimowe badanie zachowa\u0144 u\u017cytkownik\u00f3w strony), marketingowe (umo\u017cliwiaj\u0105ce \u015bledzenie u\u017cytkownik\u00f3w na stronach internetowych w celu wy\u015bwietlania spersonalizowanych reklam).<\/p>\n<p>Korzystaj\u0105c z naszej strony internetowej mo\u017cna okre\u015bli\u0107 zakres stosowania poszczeg\u00f3lnych plik\u00f3w cookies poprzez wyra\u017cenie zgody.<\/p>","protected":false},"excerpt":{"rendered":"<p>Adagri sp\u00f3\u0142ka z ograniczon\u0105 odpowiedzialno\u015bci\u0105 z siedzib\u0105 we Wroc\u0142awiu (dalej: \u201eAgencja\u201d, \u201emy\u201d) szanuje prywatno\u015b\u0107 os\u00f3b, z kt\u00f3rymi wsp\u00f3\u0142pracuje i zapewnia im kontrol\u0119 nad sposobem przetwarzania ich danych osobowych, w tym: imienia i nazwiska, danych kontaktowych lub innych danych udost\u0119pnianych w zwi\u0105zku z kontaktem \u2013 zale\u017cnie od jego celu. Administratorem Pa\u0144stwa danych osobowych jest Adagri sp\u00f3\u0142ka [&hellip;]<\/p>\n","protected":false},"author":1,"featured_media":0,"parent":0,"menu_order":0,"comment_status":"closed","ping_status":"closed","template":"page-privacy-policy.php","meta":{"footnotes":""},"class_list":["post-3","page","type-page","status-publish","hentry"],"yoast_head":"<!-- This site is optimized with the Yoast SEO Premium plugin v27.3 (Yoast SEO v27.3) - https:\/\/yoast.com\/product\/yoast-seo-premium-wordpress\/ -->\n<title>Polityka prywatno\u015bci - Adagri<\/title>\n<meta name=\"description\" content=\"Zapoznaj si\u0119 z polityk\u0105 prywatno\u015bci Adagri. Dowiedz si\u0119, jak przetwarzamy Twoje dane osobowe, jakie masz prawa zgodnie z RODO i jak wykorzystujemy pliki cookies.\" \/>\n<meta name=\"robots\" content=\"index, follow, max-snippet:-1, max-image-preview:large, max-video-preview:-1\" \/>\n<link rel=\"canonical\" href=\"https:\/\/adagri.com\/en\/privacy-policy\/\" \/>\n<meta property=\"og:locale\" content=\"en_US\" \/>\n<meta property=\"og:type\" content=\"article\" \/>\n<meta property=\"og:title\" content=\"Polityka prywatno\u015bci\" \/>\n<meta property=\"og:description\" content=\"Zapoznaj si\u0119 z polityk\u0105 prywatno\u015bci Adagri. Dowiedz si\u0119, jak przetwarzamy Twoje dane osobowe, jakie masz prawa zgodnie z RODO i jak wykorzystujemy pliki cookies.\" \/>\n<meta property=\"og:url\" content=\"https:\/\/adagri.com\/en\/privacy-policy\/\" \/>\n<meta property=\"og:site_name\" content=\"Adagri\" \/>\n<meta property=\"article:modified_time\" content=\"2025-10-29T08:23:52+00:00\" \/>\n<meta name=\"twitter:card\" content=\"summary_large_image\" \/>\n<meta name=\"twitter:label1\" content=\"Est. reading time\" \/>\n\t<meta name=\"twitter:data1\" content=\"10 minutes\" \/>\n<script type=\"application\/ld+json\" class=\"yoast-schema-graph\">{\"@context\":\"https:\\\/\\\/schema.org\",\"@graph\":[{\"@type\":\"WebPage\",\"@id\":\"https:\\\/\\\/adagri.com\\\/en\\\/privacy-policy\\\/\",\"url\":\"https:\\\/\\\/adagri.com\\\/en\\\/privacy-policy\\\/\",\"name\":\"Polityka prywatno\u015bci - Adagri\",\"isPartOf\":{\"@id\":\"https:\\\/\\\/adagri.com\\\/en\\\/#website\"},\"datePublished\":\"2025-08-21T08:07:49+00:00\",\"dateModified\":\"2025-10-29T08:23:52+00:00\",\"description\":\"Zapoznaj si\u0119 z polityk\u0105 prywatno\u015bci Adagri. Dowiedz si\u0119, jak przetwarzamy Twoje dane osobowe, jakie masz prawa zgodnie z RODO i jak wykorzystujemy pliki cookies.\",\"breadcrumb\":{\"@id\":\"https:\\\/\\\/adagri.com\\\/en\\\/privacy-policy\\\/#breadcrumb\"},\"inLanguage\":\"en-US\",\"potentialAction\":[{\"@type\":\"ReadAction\",\"target\":[\"https:\\\/\\\/adagri.com\\\/en\\\/privacy-policy\\\/\"]}]},{\"@type\":\"BreadcrumbList\",\"@id\":\"https:\\\/\\\/adagri.com\\\/en\\\/privacy-policy\\\/#breadcrumb\",\"itemListElement\":[{\"@type\":\"ListItem\",\"position\":1,\"name\":\"Strona g\u0142\u00f3wna\",\"item\":\"https:\\\/\\\/adagri.com\\\/en\\\/\"},{\"@type\":\"ListItem\",\"position\":2,\"name\":\"Polityka prywatno\u015bci\"}]},{\"@type\":\"WebSite\",\"@id\":\"https:\\\/\\\/adagri.com\\\/en\\\/#website\",\"url\":\"https:\\\/\\\/adagri.com\\\/en\\\/\",\"name\":\"Adagri\",\"description\":\"\",\"potentialAction\":[{\"@type\":\"SearchAction\",\"target\":{\"@type\":\"EntryPoint\",\"urlTemplate\":\"https:\\\/\\\/adagri.com\\\/en\\\/?s={search_term_string}\"},\"query-input\":{\"@type\":\"PropertyValueSpecification\",\"valueRequired\":true,\"valueName\":\"search_term_string\"}}],\"inLanguage\":\"en-US\"}]}<\/script>\n<!-- \/ Yoast SEO Premium plugin. -->","yoast_head_json":{"title":"Privacy Policy - Adagri","description":"Read Adagri's privacy policy. Find out how we process your personal data, what your rights are under the RODO and how we use cookies.","robots":{"index":"index","follow":"follow","max-snippet":"max-snippet:-1","max-image-preview":"max-image-preview:large","max-video-preview":"max-video-preview:-1"},"canonical":"https:\/\/adagri.com\/en\/privacy-policy\/","og_locale":"en_US","og_type":"article","og_title":"Polityka prywatno\u015bci","og_description":"Zapoznaj si\u0119 z polityk\u0105 prywatno\u015bci Adagri. Dowiedz si\u0119, jak przetwarzamy Twoje dane osobowe, jakie masz prawa zgodnie z RODO i jak wykorzystujemy pliki cookies.","og_url":"https:\/\/adagri.com\/en\/privacy-policy\/","og_site_name":"Adagri","article_modified_time":"2025-10-29T08:23:52+00:00","twitter_card":"summary_large_image","twitter_misc":{"Est. reading time":"10 minutes"},"schema":{"@context":"https:\/\/schema.org","@graph":[{"@type":"WebPage","@id":"https:\/\/adagri.com\/en\/privacy-policy\/","url":"https:\/\/adagri.com\/en\/privacy-policy\/","name":"Privacy Policy - Adagri","isPartOf":{"@id":"https:\/\/adagri.com\/en\/#website"},"datePublished":"2025-08-21T08:07:49+00:00","dateModified":"2025-10-29T08:23:52+00:00","description":"Read Adagri's privacy policy. Find out how we process your personal data, what your rights are under the RODO and how we use cookies.","breadcrumb":{"@id":"https:\/\/adagri.com\/en\/privacy-policy\/#breadcrumb"},"inLanguage":"en-US","potentialAction":[{"@type":"ReadAction","target":["https:\/\/adagri.com\/en\/privacy-policy\/"]}]},{"@type":"BreadcrumbList","@id":"https:\/\/adagri.com\/en\/privacy-policy\/#breadcrumb","itemListElement":[{"@type":"ListItem","position":1,"name":"Strona g\u0142\u00f3wna","item":"https:\/\/adagri.com\/en\/"},{"@type":"ListItem","position":2,"name":"Polityka prywatno\u015bci"}]},{"@type":"WebSite","@id":"https:\/\/adagri.com\/en\/#website","url":"https:\/\/adagri.com\/en\/","name":"Adagri","description":"","potentialAction":[{"@type":"SearchAction","target":{"@type":"EntryPoint","urlTemplate":"https:\/\/adagri.com\/en\/?s={search_term_string}"},"query-input":{"@type":"PropertyValueSpecification","valueRequired":true,"valueName":"search_term_string"}}],"inLanguage":"en-US"}]}},"_links":{"self":[{"href":"https:\/\/adagri.com\/en\/wp-json\/wp\/v2\/pages\/3","targetHints":{"allow":["GET"]}}],"collection":[{"href":"https:\/\/adagri.com\/en\/wp-json\/wp\/v2\/pages"}],"about":[{"href":"https:\/\/adagri.com\/en\/wp-json\/wp\/v2\/types\/page"}],"author":[{"embeddable":true,"href":"https:\/\/adagri.com\/en\/wp-json\/wp\/v2\/users\/1"}],"replies":[{"embeddable":true,"href":"https:\/\/adagri.com\/en\/wp-json\/wp\/v2\/comments?post=3"}],"version-history":[{"count":4,"href":"https:\/\/adagri.com\/en\/wp-json\/wp\/v2\/pages\/3\/revisions"}],"predecessor-version":[{"id":498,"href":"https:\/\/adagri.com\/en\/wp-json\/wp\/v2\/pages\/3\/revisions\/498"}],"wp:attachment":[{"href":"https:\/\/adagri.com\/en\/wp-json\/wp\/v2\/media?parent=3"}],"curies":[{"name":"wp","href":"https:\/\/api.w.org\/{rel}","templated":true}]}}