{"id":127,"date":"2025-09-16T16:28:21","date_gmt":"2025-09-16T14:28:21","guid":{"rendered":"https:\/\/adagri.com\/?page_id=127"},"modified":"2026-04-08T12:02:54","modified_gmt":"2026-04-08T10:02:54","slug":"about-us","status":"publish","type":"page","link":"https:\/\/adagri.com\/en\/o-nas\/","title":{"rendered":"About Us"},"content":{"rendered":"","protected":false},"excerpt":{"rendered":"","protected":false},"author":1,"featured_media":0,"parent":0,"menu_order":0,"comment_status":"closed","ping_status":"closed","template":"page-about-us.php","meta":{"footnotes":""},"class_list":["post-127","page","type-page","status-publish","hentry"],"yoast_head":"<!-- This site is optimized with the Yoast SEO Premium plugin v27.3 (Yoast SEO v27.3) - https:\/\/yoast.com\/product\/yoast-seo-premium-wordpress\/ -->\n<title>O agencji Adagri \u2013 ponad 20 lat w marketingu rolniczym - Adagri<\/title>\n<meta name=\"description\" content=\"Jeste\u015bmy agencj\u0105 marketingu rolniczego z ponad 20-letnim do\u015bwiadczeniem. Poznaj nasz zesp\u00f3\u0142, misj\u0119 i warto\u015bci. Zobacz, dlaczego od lat skutecznie \u0142\u0105czymy marki z rolnikami.\" \/>\n<meta name=\"robots\" content=\"index, follow, max-snippet:-1, max-image-preview:large, max-video-preview:-1\" \/>\n<link rel=\"canonical\" href=\"https:\/\/adagri.com\/en\/about-us\/\" \/>\n<meta property=\"og:locale\" content=\"en_US\" \/>\n<meta property=\"og:type\" content=\"article\" \/>\n<meta property=\"og:title\" content=\"O nas\" \/>\n<meta property=\"og:description\" content=\"Jeste\u015bmy agencj\u0105 marketingu rolniczego z ponad 20-letnim do\u015bwiadczeniem. Poznaj nasz zesp\u00f3\u0142, misj\u0119 i warto\u015bci. Zobacz, dlaczego od lat skutecznie \u0142\u0105czymy marki z rolnikami.\" \/>\n<meta property=\"og:url\" content=\"https:\/\/adagri.com\/en\/about-us\/\" \/>\n<meta property=\"og:site_name\" content=\"Adagri\" \/>\n<meta property=\"article:modified_time\" content=\"2026-04-08T10:02:54+00:00\" \/>\n<meta name=\"twitter:card\" content=\"summary_large_image\" \/>\n<script type=\"application\/ld+json\" class=\"yoast-schema-graph\">{\"@context\":\"https:\\\/\\\/schema.org\",\"@graph\":[{\"@type\":\"WebPage\",\"@id\":\"https:\\\/\\\/adagri.com\\\/en\\\/about-us\\\/\",\"url\":\"https:\\\/\\\/adagri.com\\\/en\\\/about-us\\\/\",\"name\":\"O agencji Adagri \u2013 ponad 20 lat w marketingu rolniczym - Adagri\",\"isPartOf\":{\"@id\":\"https:\\\/\\\/adagri.com\\\/en\\\/#website\"},\"datePublished\":\"2025-09-16T14:28:21+00:00\",\"dateModified\":\"2026-04-08T10:02:54+00:00\",\"description\":\"Jeste\u015bmy agencj\u0105 marketingu rolniczego z ponad 20-letnim do\u015bwiadczeniem. Poznaj nasz zesp\u00f3\u0142, misj\u0119 i warto\u015bci. Zobacz, dlaczego od lat skutecznie \u0142\u0105czymy marki z rolnikami.\",\"breadcrumb\":{\"@id\":\"https:\\\/\\\/adagri.com\\\/en\\\/about-us\\\/#breadcrumb\"},\"inLanguage\":\"en-US\",\"potentialAction\":[{\"@type\":\"ReadAction\",\"target\":[\"https:\\\/\\\/adagri.com\\\/en\\\/about-us\\\/\"]}]},{\"@type\":\"BreadcrumbList\",\"@id\":\"https:\\\/\\\/adagri.com\\\/en\\\/about-us\\\/#breadcrumb\",\"itemListElement\":[{\"@type\":\"ListItem\",\"position\":1,\"name\":\"Strona g\u0142\u00f3wna\",\"item\":\"https:\\\/\\\/adagri.com\\\/en\\\/\"},{\"@type\":\"ListItem\",\"position\":2,\"name\":\"O nas\"}]},{\"@type\":\"WebSite\",\"@id\":\"https:\\\/\\\/adagri.com\\\/en\\\/#website\",\"url\":\"https:\\\/\\\/adagri.com\\\/en\\\/\",\"name\":\"Adagri\",\"description\":\"\",\"potentialAction\":[{\"@type\":\"SearchAction\",\"target\":{\"@type\":\"EntryPoint\",\"urlTemplate\":\"https:\\\/\\\/adagri.com\\\/en\\\/?s={search_term_string}\"},\"query-input\":{\"@type\":\"PropertyValueSpecification\",\"valueRequired\":true,\"valueName\":\"search_term_string\"}}],\"inLanguage\":\"en-US\"}]}<\/script>\n<!-- \/ Yoast SEO Premium plugin. -->","yoast_head_json":{"title":"About the Adagri agency - over 20 years in agricultural marketing - Adagri","description":"We are an agricultural marketing agency with over 20 years of experience. Learn about our team, mission, and values. See why we've been successfully connecting brands with farmers for years.","robots":{"index":"index","follow":"follow","max-snippet":"max-snippet:-1","max-image-preview":"max-image-preview:large","max-video-preview":"max-video-preview:-1"},"canonical":"https:\/\/adagri.com\/en\/about-us\/","og_locale":"en_US","og_type":"article","og_title":"O nas","og_description":"Jeste\u015bmy agencj\u0105 marketingu rolniczego z ponad 20-letnim do\u015bwiadczeniem. Poznaj nasz zesp\u00f3\u0142, misj\u0119 i warto\u015bci. Zobacz, dlaczego od lat skutecznie \u0142\u0105czymy marki z rolnikami.","og_url":"https:\/\/adagri.com\/en\/about-us\/","og_site_name":"Adagri","article_modified_time":"2026-04-08T10:02:54+00:00","twitter_card":"summary_large_image","schema":{"@context":"https:\/\/schema.org","@graph":[{"@type":"WebPage","@id":"https:\/\/adagri.com\/en\/about-us\/","url":"https:\/\/adagri.com\/en\/about-us\/","name":"About the Adagri agency - over 20 years in agricultural marketing - Adagri","isPartOf":{"@id":"https:\/\/adagri.com\/en\/#website"},"datePublished":"2025-09-16T14:28:21+00:00","dateModified":"2026-04-08T10:02:54+00:00","description":"We are an agricultural marketing agency with over 20 years of experience. Learn about our team, mission, and values. See why we've been successfully connecting brands with farmers for years.","breadcrumb":{"@id":"https:\/\/adagri.com\/en\/about-us\/#breadcrumb"},"inLanguage":"en-US","potentialAction":[{"@type":"ReadAction","target":["https:\/\/adagri.com\/en\/about-us\/"]}]},{"@type":"BreadcrumbList","@id":"https:\/\/adagri.com\/en\/about-us\/#breadcrumb","itemListElement":[{"@type":"ListItem","position":1,"name":"Strona g\u0142\u00f3wna","item":"https:\/\/adagri.com\/en\/"},{"@type":"ListItem","position":2,"name":"O nas"}]},{"@type":"WebSite","@id":"https:\/\/adagri.com\/en\/#website","url":"https:\/\/adagri.com\/en\/","name":"Adagri","description":"","potentialAction":[{"@type":"SearchAction","target":{"@type":"EntryPoint","urlTemplate":"https:\/\/adagri.com\/en\/?s={search_term_string}"},"query-input":{"@type":"PropertyValueSpecification","valueRequired":true,"valueName":"search_term_string"}}],"inLanguage":"en-US"}]}},"_links":{"self":[{"href":"https:\/\/adagri.com\/en\/wp-json\/wp\/v2\/pages\/127","targetHints":{"allow":["GET"]}}],"collection":[{"href":"https:\/\/adagri.com\/en\/wp-json\/wp\/v2\/pages"}],"about":[{"href":"https:\/\/adagri.com\/en\/wp-json\/wp\/v2\/types\/page"}],"author":[{"embeddable":true,"href":"https:\/\/adagri.com\/en\/wp-json\/wp\/v2\/users\/1"}],"replies":[{"embeddable":true,"href":"https:\/\/adagri.com\/en\/wp-json\/wp\/v2\/comments?post=127"}],"version-history":[{"count":7,"href":"https:\/\/adagri.com\/en\/wp-json\/wp\/v2\/pages\/127\/revisions"}],"predecessor-version":[{"id":535,"href":"https:\/\/adagri.com\/en\/wp-json\/wp\/v2\/pages\/127\/revisions\/535"}],"wp:attachment":[{"href":"https:\/\/adagri.com\/en\/wp-json\/wp\/v2\/media?parent=127"}],"curies":[{"name":"wp","href":"https:\/\/api.w.org\/{rel}","templated":true}]}}